{"id":34,"date":"2026-03-25T14:11:06","date_gmt":"2026-03-25T13:11:06","guid":{"rendered":"https:\/\/blog19.csmac-ngo.org\/?page_id=34"},"modified":"2026-03-25T14:11:06","modified_gmt":"2026-03-25T13:11:06","slug":"evenements","status":"publish","type":"page","link":"https:\/\/blog19.csmac-ngo.org\/?page_id=34","title":{"rendered":"\u00c9v\u00e8nements"},"content":{"rendered":"","protected":false},"excerpt":{"rendered":"","protected":false},"author":1,"featured_media":0,"parent":0,"menu_order":0,"comment_status":"closed","ping_status":"closed","template":"","meta":{"_uag_custom_page_level_css":"","site-sidebar-layout":"default","site-content-layout":"","ast-site-content-layout":"default","site-content-style":"default","site-sidebar-style":"default","ast-global-header-display":"","ast-banner-title-visibility":"","ast-main-header-display":"","ast-hfb-above-header-display":"","ast-hfb-below-header-display":"","ast-hfb-mobile-header-display":"","site-post-title":"","ast-breadcrumbs-content":"","ast-featured-img":"","footer-sml-layout":"","ast-disable-related-posts":"","theme-transparent-header-meta":"","adv-header-id-meta":"","stick-header-meta":"","header-above-stick-meta":"","header-main-stick-meta":"","header-below-stick-meta":"","astra-migrate-meta-layouts":"default","ast-page-background-enabled":"default","ast-page-background-meta":{"desktop":{"background-color":"var(--ast-global-color-5)","background-image":"","background-repeat":"repeat","background-position":"center center","background-size":"auto","background-attachment":"scroll","background-type":"","background-media":"","overlay-type":"","overlay-color":"","overlay-opacity":"","overlay-gradient":""},"tablet":{"background-color":"","background-image":"","background-repeat":"repeat","background-position":"center center","background-size":"auto","background-attachment":"scroll","background-type":"","background-media":"","overlay-type":"","overlay-color":"","overlay-opacity":"","overlay-gradient":""},"mobile":{"background-color":"","background-image":"","background-repeat":"repeat","background-position":"center center","background-size":"auto","background-attachment":"scroll","background-type":"","background-media":"","overlay-type":"","overlay-color":"","overlay-opacity":"","overlay-gradient":""}},"ast-content-background-meta":{"desktop":{"background-color":"var(--ast-global-color-4)","background-image":"","background-repeat":"repeat","background-position":"center center","background-size":"auto","background-attachment":"scroll","background-type":"","background-media":"","overlay-type":"","overlay-color":"","overlay-opacity":"","overlay-gradient":""},"tablet":{"background-color":"var(--ast-global-color-4)","background-image":"","background-repeat":"repeat","background-position":"center center","background-size":"auto","background-attachment":"scroll","background-type":"","background-media":"","overlay-type":"","overlay-color":"","overlay-opacity":"","overlay-gradient":""},"mobile":{"background-color":"var(--ast-global-color-4)","background-image":"","background-repeat":"repeat","background-position":"center center","background-size":"auto","background-attachment":"scroll","background-type":"","background-media":"","overlay-type":"","overlay-color":"","overlay-opacity":"","overlay-gradient":""}},"footnotes":""},"class_list":["post-34","page","type-page","status-publish","hentry"],"yoast_head":"<!-- This site is optimized with the Yoast SEO plugin v26.8 - https:\/\/yoast.com\/product\/yoast-seo-wordpress\/ -->\n<title>\u00c9v\u00e8nements - V\u00e9lo &amp; Territoire<\/title>\n<meta name=\"robots\" content=\"index, follow, max-snippet:-1, max-image-preview:large, max-video-preview:-1\" \/>\n<link rel=\"canonical\" href=\"https:\/\/blog19.csmac-ngo.org\/?page_id=34\" \/>\n<meta property=\"og:locale\" content=\"fr_FR\" \/>\n<meta property=\"og:type\" content=\"article\" \/>\n<meta property=\"og:title\" content=\"\u00c9v\u00e8nements - V\u00e9lo &amp; Territoire\" \/>\n<meta property=\"og:url\" content=\"https:\/\/blog19.csmac-ngo.org\/?page_id=34\" \/>\n<meta property=\"og:site_name\" content=\"V\u00e9lo &amp; Territoire\" \/>\n<meta name=\"twitter:card\" content=\"summary_large_image\" \/>\n<script type=\"application\/ld+json\" class=\"yoast-schema-graph\">{\"@context\":\"https:\/\/schema.org\",\"@graph\":[{\"@type\":\"WebPage\",\"@id\":\"https:\/\/blog19.csmac-ngo.org\/?page_id=34\",\"url\":\"https:\/\/blog19.csmac-ngo.org\/?page_id=34\",\"name\":\"\u00c9v\u00e8nements - V\u00e9lo &amp; Territoire\",\"isPartOf\":{\"@id\":\"https:\/\/blog19.csmac-ngo.org\/#website\"},\"datePublished\":\"2026-03-25T13:11:06+00:00\",\"breadcrumb\":{\"@id\":\"https:\/\/blog19.csmac-ngo.org\/?page_id=34#breadcrumb\"},\"inLanguage\":\"fr-FR\",\"potentialAction\":[{\"@type\":\"ReadAction\",\"target\":[\"https:\/\/blog19.csmac-ngo.org\/?page_id=34\"]}]},{\"@type\":\"BreadcrumbList\",\"@id\":\"https:\/\/blog19.csmac-ngo.org\/?page_id=34#breadcrumb\",\"itemListElement\":[{\"@type\":\"ListItem\",\"position\":1,\"name\":\"Accueil\",\"item\":\"https:\/\/blog19.csmac-ngo.org\/\"},{\"@type\":\"ListItem\",\"position\":2,\"name\":\"\u00c9v\u00e8nements\"}]},{\"@type\":\"WebSite\",\"@id\":\"https:\/\/blog19.csmac-ngo.org\/#website\",\"url\":\"https:\/\/blog19.csmac-ngo.org\/\",\"name\":\"V\u00e9lo &amp; Territoire\",\"description\":\"Randonn\u00e9es et \u00e9v\u00e8nements cyclistes en Mayenne\",\"publisher\":{\"@id\":\"https:\/\/blog19.csmac-ngo.org\/#organization\"},\"potentialAction\":[{\"@type\":\"SearchAction\",\"target\":{\"@type\":\"EntryPoint\",\"urlTemplate\":\"https:\/\/blog19.csmac-ngo.org\/?s={search_term_string}\"},\"query-input\":{\"@type\":\"PropertyValueSpecification\",\"valueRequired\":true,\"valueName\":\"search_term_string\"}}],\"inLanguage\":\"fr-FR\"},{\"@type\":\"Organization\",\"@id\":\"https:\/\/blog19.csmac-ngo.org\/#organization\",\"name\":\"V\u00e9lo &amp; Territoire\",\"url\":\"https:\/\/blog19.csmac-ngo.org\/\",\"logo\":{\"@type\":\"ImageObject\",\"inLanguage\":\"fr-FR\",\"@id\":\"https:\/\/blog19.csmac-ngo.org\/#\/schema\/logo\/image\/\",\"url\":\"https:\/\/blog19.csmac-ngo.org\/wp-content\/uploads\/2026\/03\/cropped-cropped-Exo1-favicon-velo.png\",\"contentUrl\":\"https:\/\/blog19.csmac-ngo.org\/wp-content\/uploads\/2026\/03\/cropped-cropped-Exo1-favicon-velo.png\",\"width\":512,\"height\":512,\"caption\":\"V\u00e9lo &amp; Territoire\"},\"image\":{\"@id\":\"https:\/\/blog19.csmac-ngo.org\/#\/schema\/logo\/image\/\"}}]}<\/script>\n<!-- \/ Yoast SEO plugin. -->","yoast_head_json":{"title":"\u00c9v\u00e8nements - V\u00e9lo &amp; Territoire","robots":{"index":"index","follow":"follow","max-snippet":"max-snippet:-1","max-image-preview":"max-image-preview:large","max-video-preview":"max-video-preview:-1"},"canonical":"https:\/\/blog19.csmac-ngo.org\/?page_id=34","og_locale":"fr_FR","og_type":"article","og_title":"\u00c9v\u00e8nements - V\u00e9lo &amp; Territoire","og_url":"https:\/\/blog19.csmac-ngo.org\/?page_id=34","og_site_name":"V\u00e9lo &amp; Territoire","twitter_card":"summary_large_image","schema":{"@context":"https:\/\/schema.org","@graph":[{"@type":"WebPage","@id":"https:\/\/blog19.csmac-ngo.org\/?page_id=34","url":"https:\/\/blog19.csmac-ngo.org\/?page_id=34","name":"\u00c9v\u00e8nements - V\u00e9lo &amp; Territoire","isPartOf":{"@id":"https:\/\/blog19.csmac-ngo.org\/#website"},"datePublished":"2026-03-25T13:11:06+00:00","breadcrumb":{"@id":"https:\/\/blog19.csmac-ngo.org\/?page_id=34#breadcrumb"},"inLanguage":"fr-FR","potentialAction":[{"@type":"ReadAction","target":["https:\/\/blog19.csmac-ngo.org\/?page_id=34"]}]},{"@type":"BreadcrumbList","@id":"https:\/\/blog19.csmac-ngo.org\/?page_id=34#breadcrumb","itemListElement":[{"@type":"ListItem","position":1,"name":"Accueil","item":"https:\/\/blog19.csmac-ngo.org\/"},{"@type":"ListItem","position":2,"name":"\u00c9v\u00e8nements"}]},{"@type":"WebSite","@id":"https:\/\/blog19.csmac-ngo.org\/#website","url":"https:\/\/blog19.csmac-ngo.org\/","name":"V\u00e9lo &amp; Territoire","description":"Randonn\u00e9es et \u00e9v\u00e8nements cyclistes en Mayenne","publisher":{"@id":"https:\/\/blog19.csmac-ngo.org\/#organization"},"potentialAction":[{"@type":"SearchAction","target":{"@type":"EntryPoint","urlTemplate":"https:\/\/blog19.csmac-ngo.org\/?s={search_term_string}"},"query-input":{"@type":"PropertyValueSpecification","valueRequired":true,"valueName":"search_term_string"}}],"inLanguage":"fr-FR"},{"@type":"Organization","@id":"https:\/\/blog19.csmac-ngo.org\/#organization","name":"V\u00e9lo &amp; Territoire","url":"https:\/\/blog19.csmac-ngo.org\/","logo":{"@type":"ImageObject","inLanguage":"fr-FR","@id":"https:\/\/blog19.csmac-ngo.org\/#\/schema\/logo\/image\/","url":"https:\/\/blog19.csmac-ngo.org\/wp-content\/uploads\/2026\/03\/cropped-cropped-Exo1-favicon-velo.png","contentUrl":"https:\/\/blog19.csmac-ngo.org\/wp-content\/uploads\/2026\/03\/cropped-cropped-Exo1-favicon-velo.png","width":512,"height":512,"caption":"V\u00e9lo &amp; Territoire"},"image":{"@id":"https:\/\/blog19.csmac-ngo.org\/#\/schema\/logo\/image\/"}}]}},"_hostinger_reach_plugin_has_subscription_block":false,"_hostinger_reach_plugin_is_elementor":false,"uagb_featured_image_src":{"full":false,"thumbnail":false,"medium":false,"medium_large":false,"large":false,"1536x1536":false,"2048x2048":false},"uagb_author_info":{"display_name":"A@dmin53","author_link":"https:\/\/blog19.csmac-ngo.org\/?author=1"},"uagb_comment_info":0,"uagb_excerpt":null,"_links":{"self":[{"href":"https:\/\/blog19.csmac-ngo.org\/index.php?rest_route=\/wp\/v2\/pages\/34","targetHints":{"allow":["GET"]}}],"collection":[{"href":"https:\/\/blog19.csmac-ngo.org\/index.php?rest_route=\/wp\/v2\/pages"}],"about":[{"href":"https:\/\/blog19.csmac-ngo.org\/index.php?rest_route=\/wp\/v2\/types\/page"}],"author":[{"embeddable":true,"href":"https:\/\/blog19.csmac-ngo.org\/index.php?rest_route=\/wp\/v2\/users\/1"}],"replies":[{"embeddable":true,"href":"https:\/\/blog19.csmac-ngo.org\/index.php?rest_route=%2Fwp%2Fv2%2Fcomments&post=34"}],"version-history":[{"count":1,"href":"https:\/\/blog19.csmac-ngo.org\/index.php?rest_route=\/wp\/v2\/pages\/34\/revisions"}],"predecessor-version":[{"id":36,"href":"https:\/\/blog19.csmac-ngo.org\/index.php?rest_route=\/wp\/v2\/pages\/34\/revisions\/36"}],"wp:attachment":[{"href":"https:\/\/blog19.csmac-ngo.org\/index.php?rest_route=%2Fwp%2Fv2%2Fmedia&parent=34"}],"curies":[{"name":"wp","href":"https:\/\/api.w.org\/{rel}","templated":true}]}}